{"id":4852,"date":"2019-12-04T09:25:24","date_gmt":"2019-12-04T08:25:24","guid":{"rendered":"https:\/\/caucasus-expedition.com\/?page_id=4852"},"modified":"2019-12-04T09:30:28","modified_gmt":"2019-12-04T08:30:28","slug":"cooking-and-accommodation","status":"publish","type":"page","link":"https:\/\/caucasus-expedition.com\/en\/practical-info\/cooking-and-accommodation\/","title":{"rendered":"Cooking and accommodation"},"content":{"rendered":"<div class=\"wpb-content-wrapper\"><p>[vc_row add_container=&#8221;&#8221;][vc_column width=&#8221;1\/3&#8243;][vc_single_image image=&#8221;4113&#8243; img_size=&#8221;large&#8221;][\/vc_column][vc_column width=&#8221;2\/3&#8243;][vc_column_text]<\/p>\n<h2>Laliskhuri (Touch\u00e9tie) :<\/h2>\n<p>Maison type g\u00e9orgienne (genre maison de campagne) dans un village situ\u00e9 au pied du Caucase. Accueillis par une famille touche, vous \u00eates log\u00e9s par chambr\u00e9e de 3 \u00e0 4 personnes au premier \u00e9tage avec les poules dans le jardin derri\u00e8re&#8230;et les coqs&#8230;(mais on les remarque plus vers 4h00 du matin !!). Vous vivez avec la famille et mangez les produits de leur jardin.<br \/>\nDouches chaudes. Toilettes g\u00e9orgiennes au fond du jardin (toilettes turques).[\/vc_column_text][\/vc_column][\/vc_row][vc_row add_container=&#8221;&#8221;][vc_column width=&#8221;2\/3&#8243;][vc_column_text]<\/p>\n<h2>Gogrulta (Touch\u00e9tie) :<\/h2>\n<p>Ancienne maison traditionnelle touche (gite de montagne). Le point d\u2019eau est au centre du village.<br \/>\nPas d\u2019\u00e9lectricit\u00e9.[\/vc_column_text][\/vc_column][vc_column width=&#8221;1\/3&#8243;][vc_single_image image=&#8221;4114&#8243; img_size=&#8221;large&#8221;][\/vc_column][\/vc_row][vc_row add_container=&#8221;&#8221;][vc_column width=&#8221;1\/3&#8243;][vc_single_image image=&#8221;4498&#8243; img_size=&#8221;large&#8221;][\/vc_column][vc_column width=&#8221;2\/3&#8243;][vc_column_text]<\/p>\n<h2>En chemin (Touch\u00e9tie, Kabardino Balkarie, Azerbaidjan) :<\/h2>\n<p>Tente VAUDE, 2 personnes.<br \/>\nDouble entr\u00e9e.<br \/>\nGrande tente messe pour les soir\u00e9es*.<\/p>\n<p>(*sauf pour l\u2019Azerba\u00efdjan).[\/vc_column_text][\/vc_column][\/vc_row][vc_row add_container=&#8221;&#8221;][vc_column width=&#8221;2\/3&#8243;][vc_column_text]<\/p>\n<h2>Mestia et Ushguli et les autres villages Svanes (Svan\u00e9tie), villages Balkares (Russie), villages Lezguiens et Tat et Talysh (Azerbaidjan).<\/h2>\n<p>Chez l\u2019habitant: Vous serez log\u00e9s chez des familles autochtones dans leur maison, g\u00e9n\u00e9ralement typiques r\u00e9gionales. Vous partagez un moment de vie avec eux dans des logements simples et chaleureux.<br \/>\nNous ne sommes pas en Europe, n\u2019y cherchez donc pas de rep\u00e8res. Adaptez vous et vous vivrez pleinement ce s\u00e9jour. Vous d\u00e9gustez une cuisine familiale avec des produits issus de la production locale (voir priv\u00e9e).<br \/>\nNe vous attendez pas \u00e0 un hotel 5* mais plut\u00f4t \u00e0 une magnifique exp\u00e9rience \u00e0 vivre, une d\u00e9couverte culturelle. Honorez vos h\u00f4tes qui feront le maximum pour vous satisfaire. Chambr\u00e9e \u00e0 plusieurs (de 2 \u00e0 4 lits).<br \/>\nStandard europ\u00e9en pour les sanitaires qui sont communes aux chambr\u00e9es.[\/vc_column_text][\/vc_column][vc_column width=&#8221;1\/3&#8243;][vc_single_image image=&#8221;4115&#8243; img_size=&#8221;large&#8221;][\/vc_column][\/vc_row][vc_row add_container=&#8221;&#8221;][vc_column][vc_column_text]<\/p>\n<h2>Tbilisi, Vladikavkaz, Bakou, Erevan<\/h2>\n<p>Hotel confortable 3 \u00e0 4*.[\/vc_column_text][\/vc_column][\/vc_row][vc_row add_container=&#8221;&#8221; css=&#8221;.vc_custom_1559808109468{margin-top: 15px !important;}&#8221;][vc_column width=&#8221;1\/3&#8243;][vc_btn title=&#8221;Trek Exp\u00e9dition \/ Organisation&#8221; color=&#8221;sky&#8221; size=&#8221;sm&#8221; align=&#8221;center&#8221; link=&#8221;url:https%3A%2F%2Fcaucasus-expedition.com%2Finfos-pratiques%2Ftrek-expedition-organisation%2F|title:Trek%20Exp%C3%A9dition%20%2F%20Organisation||&#8221; css=&#8221;.vc_custom_1560932130923{margin-top: 1rem !important;}&#8221;][\/vc_column][vc_column width=&#8221;1\/3&#8243;][vc_btn title=&#8221;Index infos pratiques&#8221; color=&#8221;sky&#8221; size=&#8221;sm&#8221; align=&#8221;center&#8221; link=&#8221;url:https%3A%2F%2Fcaucasus-expedition.com%2Finfos-pratiques%2F|title:Index%20infos%20pratiques||&#8221; css=&#8221;.vc_custom_1560932678560{margin-top: 1rem !important;}&#8221;][\/vc_column][vc_column width=&#8221;1\/3&#8243;][vc_btn title=&#8221;Autres voyages \/ Organisation&#8221; color=&#8221;sky&#8221; size=&#8221;sm&#8221; align=&#8221;center&#8221; link=&#8221;url:https%3A%2F%2Fcaucasus-expedition.com%2Finfos-pratiques%2Fderoulement-des-autres-voyages-inedits-combines%2F|title:Autres%20voyages%20%2F%20Organisation||&#8221; css=&#8221;.vc_custom_1560932204258{margin-top: 1rem !important;}&#8221;][\/vc_column][\/vc_row]<\/p>\n<\/div>","protected":false},"excerpt":{"rendered":"<p>[vc_row add_container=&#8221;&#8221;][vc_column width=&#8221;1\/3&#8243;][vc_single_image image=&#8221;4113&#8243; img_size=&#8221;large&#8221;][\/vc_column][vc_column width=&#8221;2\/3&#8243;][vc_column_text] Laliskhuri (Touch\u00e9tie) : Maison type g\u00e9orgienne (genre maison de campagne) dans un village situ\u00e9 au pied du Caucase. Accueillis par une famille touche, vous \u00eates log\u00e9s par chambr\u00e9e de 3 \u00e0 4 personnes au premier \u00e9tage avec les poules dans le jardin derri\u00e8re&#8230;et les coqs&#8230;(mais on les remarque plus [&hellip;]<\/p>\n","protected":false},"author":2,"featured_media":0,"parent":4848,"menu_order":0,"comment_status":"closed","ping_status":"closed","template":"","meta":{"_exactmetrics_skip_tracking":false,"_exactmetrics_sitenote_active":false,"_exactmetrics_sitenote_note":"","_exactmetrics_sitenote_category":0,"footnotes":""},"class_list":["post-4852","page","type-page","status-publish","hentry"],"yoast_head":"<!-- This site is optimized with the Yoast SEO plugin v27.3 - https:\/\/yoast.com\/product\/yoast-seo-wordpress\/ -->\n<title>Cooking and accommodation - Caucasus Expeditions<\/title>\n<meta name=\"robots\" content=\"index, follow, max-snippet:-1, max-image-preview:large, max-video-preview:-1\" \/>\n<link rel=\"canonical\" href=\"https:\/\/caucasus-expedition.com\/en\/practical-info\/cooking-and-accommodation\/\" \/>\n<meta property=\"og:locale\" content=\"en_US\" \/>\n<meta property=\"og:type\" content=\"article\" \/>\n<meta property=\"og:title\" content=\"Cooking and accommodation - Caucasus Expeditions\" \/>\n<meta property=\"og:description\" content=\"[vc_row add_container=&#8221;&#8221;][vc_column width=&#8221;1\/3&#8243;][vc_single_image image=&#8221;4113&#8243; img_size=&#8221;large&#8221;][\/vc_column][vc_column width=&#8221;2\/3&#8243;][vc_column_text] Laliskhuri (Touch\u00e9tie) : Maison type g\u00e9orgienne (genre maison de campagne) dans un village situ\u00e9 au pied du Caucase. Accueillis par une famille touche, vous \u00eates log\u00e9s par chambr\u00e9e de 3 \u00e0 4 personnes au premier \u00e9tage avec les poules dans le jardin derri\u00e8re&#8230;et les coqs&#8230;(mais on les remarque plus [&hellip;]\" \/>\n<meta property=\"og:url\" content=\"https:\/\/caucasus-expedition.com\/en\/practical-info\/cooking-and-accommodation\/\" \/>\n<meta property=\"og:site_name\" content=\"Caucasus Expeditions\" \/>\n<meta property=\"article:publisher\" content=\"https:\/\/fr-fr.facebook.com\/caucasustrek\/\" \/>\n<meta property=\"article:modified_time\" content=\"2019-12-04T08:30:28+00:00\" \/>\n<meta name=\"twitter:card\" content=\"summary_large_image\" \/>\n<meta name=\"twitter:label1\" content=\"Est. reading time\" \/>\n\t<meta name=\"twitter:data1\" content=\"3 minutes\" \/>\n<script type=\"application\/ld+json\" class=\"yoast-schema-graph\">{\"@context\":\"https:\\\/\\\/schema.org\",\"@graph\":[{\"@type\":\"WebPage\",\"@id\":\"https:\\\/\\\/caucasus-expedition.com\\\/en\\\/practical-info\\\/cooking-and-accommodation\\\/\",\"url\":\"https:\\\/\\\/caucasus-expedition.com\\\/en\\\/practical-info\\\/cooking-and-accommodation\\\/\",\"name\":\"Cooking and accommodation - Caucasus Expeditions\",\"isPartOf\":{\"@id\":\"https:\\\/\\\/caucasus-expedition.com\\\/en\\\/#website\"},\"datePublished\":\"2019-12-04T08:25:24+00:00\",\"dateModified\":\"2019-12-04T08:30:28+00:00\",\"breadcrumb\":{\"@id\":\"https:\\\/\\\/caucasus-expedition.com\\\/en\\\/practical-info\\\/cooking-and-accommodation\\\/#breadcrumb\"},\"inLanguage\":\"en-US\",\"potentialAction\":[{\"@type\":\"ReadAction\",\"target\":[\"https:\\\/\\\/caucasus-expedition.com\\\/en\\\/practical-info\\\/cooking-and-accommodation\\\/\"]}]},{\"@type\":\"BreadcrumbList\",\"@id\":\"https:\\\/\\\/caucasus-expedition.com\\\/en\\\/practical-info\\\/cooking-and-accommodation\\\/#breadcrumb\",\"itemListElement\":[{\"@type\":\"ListItem\",\"position\":1,\"name\":\"Accueil\",\"item\":\"https:\\\/\\\/caucasus-expedition.com\\\/en\\\/\"},{\"@type\":\"ListItem\",\"position\":2,\"name\":\"Practical info\",\"item\":\"https:\\\/\\\/caucasus-expedition.com\\\/en\\\/practical-info\\\/\"},{\"@type\":\"ListItem\",\"position\":3,\"name\":\"Cooking and accommodation\"}]},{\"@type\":\"WebSite\",\"@id\":\"https:\\\/\\\/caucasus-expedition.com\\\/en\\\/#website\",\"url\":\"https:\\\/\\\/caucasus-expedition.com\\\/en\\\/\",\"name\":\"Caucasus Expeditions\",\"description\":\"\",\"potentialAction\":[{\"@type\":\"SearchAction\",\"target\":{\"@type\":\"EntryPoint\",\"urlTemplate\":\"https:\\\/\\\/caucasus-expedition.com\\\/en\\\/?s={search_term_string}\"},\"query-input\":{\"@type\":\"PropertyValueSpecification\",\"valueRequired\":true,\"valueName\":\"search_term_string\"}}],\"inLanguage\":\"en-US\"}]}<\/script>\n<!-- \/ Yoast SEO plugin. -->","yoast_head_json":{"title":"Cooking and accommodation - Caucasus Expeditions","robots":{"index":"index","follow":"follow","max-snippet":"max-snippet:-1","max-image-preview":"max-image-preview:large","max-video-preview":"max-video-preview:-1"},"canonical":"https:\/\/caucasus-expedition.com\/en\/practical-info\/cooking-and-accommodation\/","og_locale":"en_US","og_type":"article","og_title":"Cooking and accommodation - Caucasus Expeditions","og_description":"[vc_row add_container=&#8221;&#8221;][vc_column width=&#8221;1\/3&#8243;][vc_single_image image=&#8221;4113&#8243; img_size=&#8221;large&#8221;][\/vc_column][vc_column width=&#8221;2\/3&#8243;][vc_column_text] Laliskhuri (Touch\u00e9tie) : Maison type g\u00e9orgienne (genre maison de campagne) dans un village situ\u00e9 au pied du Caucase. Accueillis par une famille touche, vous \u00eates log\u00e9s par chambr\u00e9e de 3 \u00e0 4 personnes au premier \u00e9tage avec les poules dans le jardin derri\u00e8re&#8230;et les coqs&#8230;(mais on les remarque plus [&hellip;]","og_url":"https:\/\/caucasus-expedition.com\/en\/practical-info\/cooking-and-accommodation\/","og_site_name":"Caucasus Expeditions","article_publisher":"https:\/\/fr-fr.facebook.com\/caucasustrek\/","article_modified_time":"2019-12-04T08:30:28+00:00","twitter_card":"summary_large_image","twitter_misc":{"Est. reading time":"3 minutes"},"schema":{"@context":"https:\/\/schema.org","@graph":[{"@type":"WebPage","@id":"https:\/\/caucasus-expedition.com\/en\/practical-info\/cooking-and-accommodation\/","url":"https:\/\/caucasus-expedition.com\/en\/practical-info\/cooking-and-accommodation\/","name":"Cooking and accommodation - Caucasus Expeditions","isPartOf":{"@id":"https:\/\/caucasus-expedition.com\/en\/#website"},"datePublished":"2019-12-04T08:25:24+00:00","dateModified":"2019-12-04T08:30:28+00:00","breadcrumb":{"@id":"https:\/\/caucasus-expedition.com\/en\/practical-info\/cooking-and-accommodation\/#breadcrumb"},"inLanguage":"en-US","potentialAction":[{"@type":"ReadAction","target":["https:\/\/caucasus-expedition.com\/en\/practical-info\/cooking-and-accommodation\/"]}]},{"@type":"BreadcrumbList","@id":"https:\/\/caucasus-expedition.com\/en\/practical-info\/cooking-and-accommodation\/#breadcrumb","itemListElement":[{"@type":"ListItem","position":1,"name":"Accueil","item":"https:\/\/caucasus-expedition.com\/en\/"},{"@type":"ListItem","position":2,"name":"Practical info","item":"https:\/\/caucasus-expedition.com\/en\/practical-info\/"},{"@type":"ListItem","position":3,"name":"Cooking and accommodation"}]},{"@type":"WebSite","@id":"https:\/\/caucasus-expedition.com\/en\/#website","url":"https:\/\/caucasus-expedition.com\/en\/","name":"Caucasus Expeditions","description":"","potentialAction":[{"@type":"SearchAction","target":{"@type":"EntryPoint","urlTemplate":"https:\/\/caucasus-expedition.com\/en\/?s={search_term_string}"},"query-input":{"@type":"PropertyValueSpecification","valueRequired":true,"valueName":"search_term_string"}}],"inLanguage":"en-US"}]}},"_links":{"self":[{"href":"https:\/\/caucasus-expedition.com\/en\/wp-json\/wp\/v2\/pages\/4852","targetHints":{"allow":["GET"]}}],"collection":[{"href":"https:\/\/caucasus-expedition.com\/en\/wp-json\/wp\/v2\/pages"}],"about":[{"href":"https:\/\/caucasus-expedition.com\/en\/wp-json\/wp\/v2\/types\/page"}],"author":[{"embeddable":true,"href":"https:\/\/caucasus-expedition.com\/en\/wp-json\/wp\/v2\/users\/2"}],"replies":[{"embeddable":true,"href":"https:\/\/caucasus-expedition.com\/en\/wp-json\/wp\/v2\/comments?post=4852"}],"version-history":[{"count":3,"href":"https:\/\/caucasus-expedition.com\/en\/wp-json\/wp\/v2\/pages\/4852\/revisions"}],"predecessor-version":[{"id":4862,"href":"https:\/\/caucasus-expedition.com\/en\/wp-json\/wp\/v2\/pages\/4852\/revisions\/4862"}],"up":[{"embeddable":true,"href":"https:\/\/caucasus-expedition.com\/en\/wp-json\/wp\/v2\/pages\/4848"}],"wp:attachment":[{"href":"https:\/\/caucasus-expedition.com\/en\/wp-json\/wp\/v2\/media?parent=4852"}],"curies":[{"name":"wp","href":"https:\/\/api.w.org\/{rel}","templated":true}]}}