{"id":4062,"date":"2018-11-30T16:14:17","date_gmt":"2018-11-30T15:14:17","guid":{"rendered":"https:\/\/caucasus-expedition.com\/?page_id=4062"},"modified":"2026-01-30T15:40:00","modified_gmt":"2026-01-30T14:40:00","slug":"about-us","status":"publish","type":"page","link":"https:\/\/caucasus-expedition.com\/en\/about-us\/","title":{"rendered":"ABOUT US"},"content":{"rendered":"<div class=\"wpb-content-wrapper\"><p>[vc_row add_container=&#8221;&#8221; css=&#8221;.vc_custom_1519034611549{margin-left: 14px !important;}&#8221; el_class=&#8221;vp_animate&#8221;][vc_column width=&#8221;1\/2&#8243; css=&#8221;.vc_custom_1443392927100{padding-right: 18px !important;}&#8221;][vc_row_inner css=&#8221;.vc_custom_1523872729232{margin-bottom: 14px !important;background-image: url(https:\/\/caucasus-expedition.com\/wp-content\/uploads\/2018\/04\/historique.png?id=3235) !important;}&#8221; el_class=&#8221;cat-grid&#8221; el_id=&#8221;link-n-1&#8243;][vc_column_inner][vc_column_text css=&#8221;.vc_custom_1546525149016{padding-bottom: 330px !important;padding-left: 30px !important;}&#8221;]<\/p>\n<h2><span style=\"color: #ffffff;\">Introduction to the great caucasus regions<\/span><\/h2>\n<p><span style=\"color: #ffffff;\"><a style=\"color: #ffffff;\" href=\"..\/presentation-de-la-region-grand-caucase\/\">More info<\/a><\/span>[\/vc_column_text][\/vc_column_inner][\/vc_row_inner][vc_row_inner css=&#8221;.vc_custom_1523873744028{margin-bottom: 15px !important;background-image: url(https:\/\/caucasus-expedition.com\/wp-content\/uploads\/2018\/04\/fondateur.png?id=3239) !important;}&#8221; el_class=&#8221;cat-grid&#8221; el_id=&#8221;link-n-3&#8243;][vc_column_inner][vc_column_text css=&#8221;.vc_custom_1575388832577{padding-bottom: 170px !important;padding-left: 30px !important;}&#8221;]<\/p>\n<h2><span style=\"color: #ffffff;\">Founders coworkers<\/span><\/h2>\n<p><span style=\"color: #ffffff;\"><a style=\"color: #ffffff;\" href=\"..\/fondateurs-et-collaborateurs\/\">More info<\/a><\/span>[\/vc_column_text][\/vc_column_inner][\/vc_row_inner][\/vc_column][vc_column width=&#8221;1\/2&#8243; css=&#8221;.vc_custom_1443392870860{padding-left: 24px !important;}&#8221;][vc_row_inner css=&#8221;.vc_custom_1523872909902{margin-bottom: 14px !important;background-image: url(https:\/\/caucasus-expedition.com\/wp-content\/uploads\/2018\/04\/presentation.png?id=3236) !important;}&#8221; el_class=&#8221;cat-grid&#8221; el_id=&#8221;link-n-2&#8243;][vc_column_inner][vc_column_text css=&#8221;.vc_custom_1769783552662{padding-bottom: 170px !important;padding-left: 30px !important;}&#8221;]<\/p>\n<h2><span style=\"color: #ffffff;\">About caucasus expeditions<\/span><\/h2>\n<p><span style=\"color: #ffffff;\"><a style=\"color: #ffffff;\" href=\"..\/historique-de-caucasus-expeditions\/\">More info<\/a><\/span>[\/vc_column_text][\/vc_column_inner][\/vc_row_inner][vc_row_inner el_class=&#8221;cat-grid&#8221; css=&#8221;.vc_custom_1523872432856{background-image: url(https:\/\/caucasus-expedition.com\/wp-content\/uploads\/2018\/04\/philosophie.png?id=3233) !important;}&#8221; el_id=&#8221;link-n-4&#8243;][vc_column_inner][vc_column_text css=&#8221;.vc_custom_1575388799235{padding-bottom: 330px !important;padding-left: 30px !important;}&#8221;]<\/p>\n<h2><span style=\"color: #ffffff;\">Philosophy<\/span><\/h2>\n<p><span style=\"color: #ffffff;\"><a style=\"color: #ffffff;\" href=\"https:\/\/caucasus-expedition.com\/en\/philosophy\/\">More info<\/a><\/span>[\/vc_column_text][\/vc_column_inner][\/vc_row_inner][\/vc_column][\/vc_row][vc_row add_container=&#8221;&#8221; css=&#8221;.vc_custom_1519034611549{margin-left: 14px !important;}&#8221; el_class=&#8221;vp_animate&#8221;][vc_column css=&#8221;.vc_custom_1443392927100{padding-right: 18px !important;}&#8221;][vc_row_inner css=&#8221;.vc_custom_1523873567814{margin-bottom: 15px !important;background-image: url(https:\/\/caucasus-expedition.com\/wp-content\/uploads\/2018\/04\/chevaux-1.png?id=3238) !important;}&#8221; el_class=&#8221;cat-grid&#8221; el_id=&#8221;link-n-5&#8243;][vc_column_inner][vc_column_text css=&#8221;.vc_custom_1575388819288{padding-bottom: 170px !important;padding-left: 30px !important;}&#8221;]<\/p>\n<h2><span style=\"color: #ffffff;\">Horses<\/span><\/h2>\n<p><span style=\"color: #ffffff;\"><a style=\"color: #ffffff;\" href=\"https:\/\/caucasus-expedition.com\/en\/horses\/\">More info<\/a><\/span>[\/vc_column_text][\/vc_column_inner][\/vc_row_inner][\/vc_column][\/vc_row]<\/p>\n<\/div>","protected":false},"excerpt":{"rendered":"<p>[vc_row add_container=&#8221;&#8221; css=&#8221;.vc_custom_1519034611549{margin-left: 14px !important;}&#8221; el_class=&#8221;vp_animate&#8221;][vc_column width=&#8221;1\/2&#8243; css=&#8221;.vc_custom_1443392927100{padding-right: 18px !important;}&#8221;][vc_row_inner css=&#8221;.vc_custom_1523872729232{margin-bottom: 14px !important;background-image: url(https:\/\/caucasus-expedition.com\/wp-content\/uploads\/2018\/04\/historique.png?id=3235) !important;}&#8221; el_class=&#8221;cat-grid&#8221; el_id=&#8221;link-n-1&#8243;][vc_column_inner][vc_column_text css=&#8221;.vc_custom_1546525149016{padding-bottom: 330px !important;padding-left: 30px !important;}&#8221;] Introduction to the great caucasus regions More info[\/vc_column_text][\/vc_column_inner][\/vc_row_inner][vc_row_inner css=&#8221;.vc_custom_1523873744028{margin-bottom: 15px !important;background-image: url(https:\/\/caucasus-expedition.com\/wp-content\/uploads\/2018\/04\/fondateur.png?id=3239) !important;}&#8221; el_class=&#8221;cat-grid&#8221; el_id=&#8221;link-n-3&#8243;][vc_column_inner][vc_column_text css=&#8221;.vc_custom_1575388832577{padding-bottom: 170px !important;padding-left: 30px !important;}&#8221;] Founders coworkers More info[\/vc_column_text][\/vc_column_inner][\/vc_row_inner][\/vc_column][vc_column width=&#8221;1\/2&#8243; css=&#8221;.vc_custom_1443392870860{padding-left: 24px !important;}&#8221;][vc_row_inner css=&#8221;.vc_custom_1523872909902{margin-bottom: 14px !important;background-image: url(https:\/\/caucasus-expedition.com\/wp-content\/uploads\/2018\/04\/presentation.png?id=3236) !important;}&#8221; [&hellip;]<\/p>\n","protected":false},"author":4,"featured_media":3877,"parent":0,"menu_order":0,"comment_status":"closed","ping_status":"closed","template":"","meta":{"_exactmetrics_skip_tracking":false,"_exactmetrics_sitenote_active":false,"_exactmetrics_sitenote_note":"","_exactmetrics_sitenote_category":0,"footnotes":""},"class_list":["post-4062","page","type-page","status-publish","has-post-thumbnail","hentry"],"yoast_head":"<!-- This site is optimized with the Yoast SEO plugin v27.3 - https:\/\/yoast.com\/product\/yoast-seo-wordpress\/ -->\n<title>CAUCASUS EXPEDITIONS<\/title>\n<meta name=\"description\" content=\"Exp\u00e9ditions et randonn\u00e9es, \u00e9questres ou p\u00e9destres, sur mesure en G\u00e9orgie et Touch\u00e9tie. Immersion culturelle et paysages sauvages\" \/>\n<meta name=\"robots\" content=\"index, follow, max-snippet:-1, max-image-preview:large, max-video-preview:-1\" \/>\n<link rel=\"canonical\" href=\"https:\/\/caucasus-expedition.com\/en\/about-us\/\" \/>\n<meta property=\"og:locale\" content=\"en_US\" \/>\n<meta property=\"og:type\" content=\"article\" \/>\n<meta property=\"og:title\" content=\"CAUCASUS EXPEDITIONS\" \/>\n<meta property=\"og:description\" content=\"Exp\u00e9ditions et randonn\u00e9es, \u00e9questres ou p\u00e9destres, sur mesure en G\u00e9orgie et Touch\u00e9tie. Immersion culturelle et paysages sauvages\" \/>\n<meta property=\"og:url\" content=\"https:\/\/caucasus-expedition.com\/en\/about-us\/\" \/>\n<meta property=\"og:site_name\" content=\"Caucasus Expeditions\" \/>\n<meta property=\"article:publisher\" content=\"https:\/\/fr-fr.facebook.com\/caucasustrek\/\" \/>\n<meta property=\"article:modified_time\" content=\"2026-01-30T14:40:00+00:00\" \/>\n<meta property=\"og:image\" content=\"https:\/\/caucasus-expedition.com\/wp-content\/uploads\/2018\/01\/georgie-svanetie-dest-1.jpg\" \/>\n\t<meta property=\"og:image:width\" content=\"1200\" \/>\n\t<meta property=\"og:image:height\" content=\"800\" \/>\n\t<meta property=\"og:image:type\" content=\"image\/jpeg\" \/>\n<meta name=\"twitter:card\" content=\"summary_large_image\" \/>\n<meta name=\"twitter:label1\" content=\"Est. reading time\" \/>\n\t<meta name=\"twitter:data1\" content=\"1 minute\" \/>\n<script type=\"application\/ld+json\" class=\"yoast-schema-graph\">{\"@context\":\"https:\\\/\\\/schema.org\",\"@graph\":[{\"@type\":\"WebPage\",\"@id\":\"https:\\\/\\\/caucasus-expedition.com\\\/en\\\/about-us\\\/\",\"url\":\"https:\\\/\\\/caucasus-expedition.com\\\/en\\\/about-us\\\/\",\"name\":\"CAUCASUS EXPEDITIONS\",\"isPartOf\":{\"@id\":\"https:\\\/\\\/caucasus-expedition.com\\\/en\\\/#website\"},\"primaryImageOfPage\":{\"@id\":\"https:\\\/\\\/caucasus-expedition.com\\\/en\\\/about-us\\\/#primaryimage\"},\"image\":{\"@id\":\"https:\\\/\\\/caucasus-expedition.com\\\/en\\\/about-us\\\/#primaryimage\"},\"thumbnailUrl\":\"https:\\\/\\\/caucasus-expedition.com\\\/wp-content\\\/uploads\\\/2018\\\/01\\\/georgie-svanetie-dest-1.jpg\",\"datePublished\":\"2018-11-30T15:14:17+00:00\",\"dateModified\":\"2026-01-30T14:40:00+00:00\",\"description\":\"Exp\u00e9ditions et randonn\u00e9es, \u00e9questres ou p\u00e9destres, sur mesure en G\u00e9orgie et Touch\u00e9tie. Immersion culturelle et paysages sauvages\",\"breadcrumb\":{\"@id\":\"https:\\\/\\\/caucasus-expedition.com\\\/en\\\/about-us\\\/#breadcrumb\"},\"inLanguage\":\"en-US\",\"potentialAction\":[{\"@type\":\"ReadAction\",\"target\":[\"https:\\\/\\\/caucasus-expedition.com\\\/en\\\/about-us\\\/\"]}]},{\"@type\":\"ImageObject\",\"inLanguage\":\"en-US\",\"@id\":\"https:\\\/\\\/caucasus-expedition.com\\\/en\\\/about-us\\\/#primaryimage\",\"url\":\"https:\\\/\\\/caucasus-expedition.com\\\/wp-content\\\/uploads\\\/2018\\\/01\\\/georgie-svanetie-dest-1.jpg\",\"contentUrl\":\"https:\\\/\\\/caucasus-expedition.com\\\/wp-content\\\/uploads\\\/2018\\\/01\\\/georgie-svanetie-dest-1.jpg\",\"width\":1200,\"height\":800},{\"@type\":\"BreadcrumbList\",\"@id\":\"https:\\\/\\\/caucasus-expedition.com\\\/en\\\/about-us\\\/#breadcrumb\",\"itemListElement\":[{\"@type\":\"ListItem\",\"position\":1,\"name\":\"Accueil\",\"item\":\"https:\\\/\\\/caucasus-expedition.com\\\/en\\\/\"},{\"@type\":\"ListItem\",\"position\":2,\"name\":\"ABOUT US\"}]},{\"@type\":\"WebSite\",\"@id\":\"https:\\\/\\\/caucasus-expedition.com\\\/en\\\/#website\",\"url\":\"https:\\\/\\\/caucasus-expedition.com\\\/en\\\/\",\"name\":\"Caucasus Expeditions\",\"description\":\"\",\"potentialAction\":[{\"@type\":\"SearchAction\",\"target\":{\"@type\":\"EntryPoint\",\"urlTemplate\":\"https:\\\/\\\/caucasus-expedition.com\\\/en\\\/?s={search_term_string}\"},\"query-input\":{\"@type\":\"PropertyValueSpecification\",\"valueRequired\":true,\"valueName\":\"search_term_string\"}}],\"inLanguage\":\"en-US\"}]}<\/script>\n<!-- \/ Yoast SEO plugin. -->","yoast_head_json":{"title":"CAUCASUS EXPEDITIONS","description":"Exp\u00e9ditions et randonn\u00e9es, \u00e9questres ou p\u00e9destres, sur mesure en G\u00e9orgie et Touch\u00e9tie. Immersion culturelle et paysages sauvages","robots":{"index":"index","follow":"follow","max-snippet":"max-snippet:-1","max-image-preview":"max-image-preview:large","max-video-preview":"max-video-preview:-1"},"canonical":"https:\/\/caucasus-expedition.com\/en\/about-us\/","og_locale":"en_US","og_type":"article","og_title":"CAUCASUS EXPEDITIONS","og_description":"Exp\u00e9ditions et randonn\u00e9es, \u00e9questres ou p\u00e9destres, sur mesure en G\u00e9orgie et Touch\u00e9tie. Immersion culturelle et paysages sauvages","og_url":"https:\/\/caucasus-expedition.com\/en\/about-us\/","og_site_name":"Caucasus Expeditions","article_publisher":"https:\/\/fr-fr.facebook.com\/caucasustrek\/","article_modified_time":"2026-01-30T14:40:00+00:00","og_image":[{"width":1200,"height":800,"url":"https:\/\/caucasus-expedition.com\/wp-content\/uploads\/2018\/01\/georgie-svanetie-dest-1.jpg","type":"image\/jpeg"}],"twitter_card":"summary_large_image","twitter_misc":{"Est. reading time":"1 minute"},"schema":{"@context":"https:\/\/schema.org","@graph":[{"@type":"WebPage","@id":"https:\/\/caucasus-expedition.com\/en\/about-us\/","url":"https:\/\/caucasus-expedition.com\/en\/about-us\/","name":"CAUCASUS EXPEDITIONS","isPartOf":{"@id":"https:\/\/caucasus-expedition.com\/en\/#website"},"primaryImageOfPage":{"@id":"https:\/\/caucasus-expedition.com\/en\/about-us\/#primaryimage"},"image":{"@id":"https:\/\/caucasus-expedition.com\/en\/about-us\/#primaryimage"},"thumbnailUrl":"https:\/\/caucasus-expedition.com\/wp-content\/uploads\/2018\/01\/georgie-svanetie-dest-1.jpg","datePublished":"2018-11-30T15:14:17+00:00","dateModified":"2026-01-30T14:40:00+00:00","description":"Exp\u00e9ditions et randonn\u00e9es, \u00e9questres ou p\u00e9destres, sur mesure en G\u00e9orgie et Touch\u00e9tie. Immersion culturelle et paysages sauvages","breadcrumb":{"@id":"https:\/\/caucasus-expedition.com\/en\/about-us\/#breadcrumb"},"inLanguage":"en-US","potentialAction":[{"@type":"ReadAction","target":["https:\/\/caucasus-expedition.com\/en\/about-us\/"]}]},{"@type":"ImageObject","inLanguage":"en-US","@id":"https:\/\/caucasus-expedition.com\/en\/about-us\/#primaryimage","url":"https:\/\/caucasus-expedition.com\/wp-content\/uploads\/2018\/01\/georgie-svanetie-dest-1.jpg","contentUrl":"https:\/\/caucasus-expedition.com\/wp-content\/uploads\/2018\/01\/georgie-svanetie-dest-1.jpg","width":1200,"height":800},{"@type":"BreadcrumbList","@id":"https:\/\/caucasus-expedition.com\/en\/about-us\/#breadcrumb","itemListElement":[{"@type":"ListItem","position":1,"name":"Accueil","item":"https:\/\/caucasus-expedition.com\/en\/"},{"@type":"ListItem","position":2,"name":"ABOUT US"}]},{"@type":"WebSite","@id":"https:\/\/caucasus-expedition.com\/en\/#website","url":"https:\/\/caucasus-expedition.com\/en\/","name":"Caucasus Expeditions","description":"","potentialAction":[{"@type":"SearchAction","target":{"@type":"EntryPoint","urlTemplate":"https:\/\/caucasus-expedition.com\/en\/?s={search_term_string}"},"query-input":{"@type":"PropertyValueSpecification","valueRequired":true,"valueName":"search_term_string"}}],"inLanguage":"en-US"}]}},"_links":{"self":[{"href":"https:\/\/caucasus-expedition.com\/en\/wp-json\/wp\/v2\/pages\/4062","targetHints":{"allow":["GET"]}}],"collection":[{"href":"https:\/\/caucasus-expedition.com\/en\/wp-json\/wp\/v2\/pages"}],"about":[{"href":"https:\/\/caucasus-expedition.com\/en\/wp-json\/wp\/v2\/types\/page"}],"author":[{"embeddable":true,"href":"https:\/\/caucasus-expedition.com\/en\/wp-json\/wp\/v2\/users\/4"}],"replies":[{"embeddable":true,"href":"https:\/\/caucasus-expedition.com\/en\/wp-json\/wp\/v2\/comments?post=4062"}],"version-history":[{"count":4,"href":"https:\/\/caucasus-expedition.com\/en\/wp-json\/wp\/v2\/pages\/4062\/revisions"}],"predecessor-version":[{"id":18134,"href":"https:\/\/caucasus-expedition.com\/en\/wp-json\/wp\/v2\/pages\/4062\/revisions\/18134"}],"wp:featuredmedia":[{"embeddable":true,"href":"https:\/\/caucasus-expedition.com\/en\/wp-json\/wp\/v2\/media\/3877"}],"wp:attachment":[{"href":"https:\/\/caucasus-expedition.com\/en\/wp-json\/wp\/v2\/media?parent=4062"}],"curies":[{"name":"wp","href":"https:\/\/api.w.org\/{rel}","templated":true}]}}